{"id":1157,"date":"2020-06-16T22:43:14","date_gmt":"2020-06-16T20:43:14","guid":{"rendered":"https:\/\/lac-souterrain.com\/individueller-besuch\/"},"modified":"2026-04-13T08:52:59","modified_gmt":"2026-04-13T06:52:59","slug":"individueller-besuch","status":"publish","type":"page","link":"https:\/\/lac-souterrain.com\/de\/individueller-besuch\/","title":{"rendered":"Individueller Besuch"},"content":{"rendered":"\t\t<div data-elementor-type=\"wp-page\" data-elementor-id=\"1157\" class=\"elementor elementor-1157 elementor-798\" data-elementor-post-type=\"page\">\n\t\t\t\t\t\t<section class=\"has_eae_slider elementor-section elementor-top-section elementor-element elementor-element-5acb71b elementor-section-boxed elementor-section-height-default elementor-section-height-default\" data-eae-slider=\"90167\" data-id=\"5acb71b\" data-element_type=\"section\" data-e-type=\"section\" data-settings=\"{&quot;background_background&quot;:&quot;classic&quot;,&quot;jet_parallax_layout_list&quot;:[{&quot;jet_parallax_layout_image&quot;:{&quot;url&quot;:&quot;&quot;,&quot;id&quot;:&quot;&quot;,&quot;size&quot;:&quot;&quot;},&quot;_id&quot;:&quot;928fe6b&quot;,&quot;jet_parallax_layout_image_tablet&quot;:{&quot;url&quot;:&quot;&quot;,&quot;id&quot;:&quot;&quot;,&quot;size&quot;:&quot;&quot;},&quot;jet_parallax_layout_image_mobile&quot;:{&quot;url&quot;:&quot;&quot;,&quot;id&quot;:&quot;&quot;,&quot;size&quot;:&quot;&quot;},&quot;jet_parallax_layout_speed&quot;:{&quot;unit&quot;:&quot;%&quot;,&quot;size&quot;:50,&quot;sizes&quot;:[]},&quot;jet_parallax_layout_type&quot;:&quot;scroll&quot;,&quot;jet_parallax_layout_direction&quot;:&quot;1&quot;,&quot;jet_parallax_layout_fx_direction&quot;:null,&quot;jet_parallax_layout_z_index&quot;:&quot;&quot;,&quot;jet_parallax_layout_bg_x&quot;:50,&quot;jet_parallax_layout_bg_x_tablet&quot;:&quot;&quot;,&quot;jet_parallax_layout_bg_x_mobile&quot;:&quot;&quot;,&quot;jet_parallax_layout_bg_y&quot;:50,&quot;jet_parallax_layout_bg_y_tablet&quot;:&quot;&quot;,&quot;jet_parallax_layout_bg_y_mobile&quot;:&quot;&quot;,&quot;jet_parallax_layout_bg_size&quot;:&quot;auto&quot;,&quot;jet_parallax_layout_bg_size_tablet&quot;:&quot;&quot;,&quot;jet_parallax_layout_bg_size_mobile&quot;:&quot;&quot;,&quot;jet_parallax_layout_animation_prop&quot;:&quot;transform&quot;,&quot;jet_parallax_layout_on&quot;:[&quot;desktop&quot;,&quot;tablet&quot;]}]}\">\n\t\t\t\t\t\t<div class=\"elementor-container elementor-column-gap-default\">\n\t\t\t\t\t<div class=\"has_eae_slider elementor-column elementor-col-100 elementor-top-column elementor-element elementor-element-fbb0ab3\" data-eae-slider=\"36334\" data-id=\"fbb0ab3\" data-element_type=\"column\" data-e-type=\"column\">\n\t\t\t<div class=\"elementor-widget-wrap elementor-element-populated\">\n\t\t\t\t\t\t<div class=\"elementor-element elementor-element-f902c4b eael-dual-header-content-align-center elementor-widget elementor-widget-eael-dual-color-header\" data-id=\"f902c4b\" data-element_type=\"widget\" data-e-type=\"widget\" data-widget_type=\"eael-dual-color-header.default\">\n\t\t\t\t<div class=\"elementor-widget-container\">\n\t\t\t\t\t\t\t\t<div class=\"eael-dual-header\">\n\t\t\t\t<span class=\"subtext\"><\/span>\n\t\t\t\t<h2 class=\"title eael-dch-title\"><span class=\"eael-dch-title-text eael-dch-title-lead lead solid-color\">Individueller<\/span> <span class=\"eael-dch-title-text\">Besuch<\/span><\/h2>\t\t\t\t\t\t\t\t\t<span class=\"eael-dch-svg-icon\"><i aria-hidden=\"true\" class=\"fas fa-window-minimize\"><\/i><\/span>\t\t\t\t\t\t\t<\/div>\n\t\t\t\t\t\t<\/div>\n\t\t\t\t<\/div>\n\t\t\t\t<div class=\"elementor-element elementor-element-8b24ed1 elementor-widget elementor-widget-text-editor\" data-id=\"8b24ed1\" data-element_type=\"widget\" data-e-type=\"widget\" data-widget_type=\"text-editor.default\">\n\t\t\t\t<div class=\"elementor-widget-container\">\n\t\t\t\t\t\t\t\t\t<h5>Alle Besuche finden unter Begleitung statt und werden auf Franz\u00f6sisch, Deutsch und Englisch angeboten. Die F\u00fchrung dauert 30 Minuten. Mit der Registrierung und dem Besuch des didaktischen Bereichs sollten Sie etwa 1 Stunde vor Ort einplanen.<\/h5>\n<p>Um den Zugang zu gew\u00e4hrleisten, wird allen <strong>Besuchern eine Reservierung dringend empfohlen<\/strong>. Sie k\u00f6nnen f\u00fcr ein zuk\u00fcnftiges Datum reservieren oder f\u00fcr denselben Tag. Suchen Sie einfach das f\u00fcr Sie passende Datum und die entsprechende Uhrzeit aus. Kommen Sie 15 Minuten vor Beginn der F\u00fchrung und zeigen Sie Ihr Ticket vor.<\/p>\n<p>Sie brauchen das Ticket nicht auszudrucken, wenn Sie es auf Ihrem Telefon vorlegen k\u00f6nnen.<\/p>\n<p>Vor oder nach der F\u00fchrung k\u00f6nnen sich Neugierige in unserem neuen didaktischen Bereich mit den Geheimnissen der Grotte und ihrer Entstehung innerhalb der Jahrhunderte befassen. Liebhaber von Mineralien aller Art, werden in der Boutique f\u00fcndig und f\u00fcr alle Leckerm\u00e4ulchen bietet sich eine Pause in der Cafeteria an.<\/p>\n\t\t\t\t\t\t\t\t<\/div>\n\t\t\t\t<\/div>\n\t\t\t\t\t<\/div>\n\t\t<\/div>\n\t\t\t\t\t<\/div>\n\t\t<\/section>\n\t\t\t\t<section class=\"has_eae_slider elementor-section elementor-top-section elementor-element elementor-element-1398a09 elementor-section-boxed elementor-section-height-default elementor-section-height-default\" data-eae-slider=\"86721\" data-id=\"1398a09\" data-element_type=\"section\" data-e-type=\"section\" data-settings=\"{&quot;jet_parallax_layout_list&quot;:[{&quot;jet_parallax_layout_image&quot;:{&quot;url&quot;:&quot;&quot;,&quot;id&quot;:&quot;&quot;,&quot;size&quot;:&quot;&quot;},&quot;_id&quot;:&quot;49b5c06&quot;,&quot;jet_parallax_layout_image_tablet&quot;:{&quot;url&quot;:&quot;&quot;,&quot;id&quot;:&quot;&quot;,&quot;size&quot;:&quot;&quot;},&quot;jet_parallax_layout_image_mobile&quot;:{&quot;url&quot;:&quot;&quot;,&quot;id&quot;:&quot;&quot;,&quot;size&quot;:&quot;&quot;},&quot;jet_parallax_layout_speed&quot;:{&quot;unit&quot;:&quot;%&quot;,&quot;size&quot;:50,&quot;sizes&quot;:[]},&quot;jet_parallax_layout_type&quot;:&quot;scroll&quot;,&quot;jet_parallax_layout_direction&quot;:&quot;1&quot;,&quot;jet_parallax_layout_fx_direction&quot;:null,&quot;jet_parallax_layout_z_index&quot;:&quot;&quot;,&quot;jet_parallax_layout_bg_x&quot;:50,&quot;jet_parallax_layout_bg_x_tablet&quot;:&quot;&quot;,&quot;jet_parallax_layout_bg_x_mobile&quot;:&quot;&quot;,&quot;jet_parallax_layout_bg_y&quot;:50,&quot;jet_parallax_layout_bg_y_tablet&quot;:&quot;&quot;,&quot;jet_parallax_layout_bg_y_mobile&quot;:&quot;&quot;,&quot;jet_parallax_layout_bg_size&quot;:&quot;auto&quot;,&quot;jet_parallax_layout_bg_size_tablet&quot;:&quot;&quot;,&quot;jet_parallax_layout_bg_size_mobile&quot;:&quot;&quot;,&quot;jet_parallax_layout_animation_prop&quot;:&quot;transform&quot;,&quot;jet_parallax_layout_on&quot;:[&quot;desktop&quot;,&quot;tablet&quot;]}]}\">\n\t\t\t\t\t\t<div class=\"elementor-container elementor-column-gap-wider\">\n\t\t\t\t\t<div class=\"has_eae_slider elementor-column elementor-col-100 elementor-top-column elementor-element elementor-element-afe5372\" data-eae-slider=\"8127\" data-id=\"afe5372\" data-element_type=\"column\" data-e-type=\"column\">\n\t\t\t<div class=\"elementor-widget-wrap elementor-element-populated\">\n\t\t\t\t\t\t<div class=\"elementor-element elementor-element-761af61 elementor-widget elementor-widget-html\" data-id=\"761af61\" data-element_type=\"widget\" data-e-type=\"widget\" data-widget_type=\"html.default\">\n\t\t\t\t<div class=\"elementor-widget-container\">\n\t\t\t\t\t<template id=\"product-catalog-widget-styles\"><style>\r\n.re-c-1xas3tc{\r\n    position: relative !important;\r\n}\r\n.regiondo-booking-mobile-button{\r\n    border: none !important;\r\n}\r\n.regiondo-product-tags{\r\n    background: none !important;\r\n}\r\n.regiondo-booking-mobile-button:hover{\r\n    border: none !important;\r\n    color: white !important;\r\n    background-color: #0A95D4 !important;\r\n}\r\n\r\n\/*Fix background input credit card - The color of the text can'te be changed due to stripe iframe in the input*\/\r\n.regiondo-method.regiondo-method--creditcard .regiondo-method__content .regiondo-field .MuiInputBase-formControl { \r\nbackground:#e1e1e1!important;\r\n}   \r\n\r\n.regiondo-checkout .re-bah-1ld1nsh{\r\n    background-color: red !important;\r\n}\r\n.regiondo-catalog {\r\nbackground-color: transparent;}\r\n.regiondo-list-product-header,\r\n.regiondo-product-header {\r\ncolor: transparent;}\r\n.regiondo-booking-price-label {\r\ncolor: transparent;}\r\n.regiondo-widget .regiondo-tooltip__icon\r\n{background-color: green !important;\r\nborder-radius:25px;}\r\n.Re-b1-jss148 {\r\ncolor: white;}\r\n.regiondo-booking-price,\r\n.regiondo-list-product-price,\r\n.regiondo-list-product-description {\r\ncolor: white;}\r\n.regiondo-widget .regiondo-addons-qty {\r\ncolor: #0e1c32;}\r\n.regiondo-widget .regiondo-tabs__tab--active {\r\ncolor: white;}\r\n.regiondo-product-information-item-header {\r\ncolor: white;}\r\n.regiondo-product-information-item-body {\r\ncolor: white;}\r\n.regiondo-product-description-body,\r\nregiondo-product-short-description-content {\r\ncolor: white;}\r\n.regiondo-collapsible-header {\r\ncolor: white;}\r\n.regiondo-collapsible-content {\r\ncolor: white;}\r\n.regiondo-product-details,\r\n.regiondo-product-information-item-header,\r\n.regiondo-product-information-item-body,\r\n.regiondo-back-link,\r\n.regiondo-list-product,\r\n.regiondo-list-product-header,\r\n.regiondo-list-product-short-info,\r\n.regiondo-list-product-price,\r\n.regiondo-booking-container,\r\n.regiondo-progress-icon {\r\ncolor: white;}\r\n.regiondo-list-product-content,\r\n.regiondo-product-details {\r\nbackground-color: black;}\r\n.regiondo-booking-mobile-button {\r\ncolor: white;\r\nborder: 4px solid blue;}\r\n.regiondo-list-product-button:hover,\r\n.regiondo-booking-mobile-button:hover {\r\nbackground-color: #adadad;\r\ncolor: blue;}\r\n.regiondo-button-back,\r\n.regiondo-button.regiondo-button {\r\nbackground-color: #adadad;\r\ncolor: white;}\r\n.regiondo-booking-mobile-button.Re-c-MuiButton-containedPrimary{\r\n  position: inherit;\r\n    bottom: 50px;\r\n    width: 100% !important;}\r\n    .regiondo-review{color:black;}\r\n.regiondo-collapsible-header,\r\n.regiondo-product-short-description-content {\r\n    color: white;}\r\n.regiondo-progress-icon {\r\n    color: #fff !important;}\r\n.regiondo-booking-widget {\r\nregiondo-button-normal: #888c93;}\r\n.regiondo-widget,\r\n.regiondo-method,\r\n.regiondo-form-text {\r\ncolor: white;}\r\na.Re-c-MuiButtonBase-root.Re-c-MuiButton-root.Re-c-MuiButton-text>span.Re-c-MuiButton-label>svg {\r\n    display: none;}\r\n.regiondo-back-link {\r\n    display: block;\r\n    margin-bottom: 32px;\r\n    text-decoration: none}\r\n.regiondo-drawer-content {\r\n    background-color: #adadad;}\r\n.regiondo-product-short-description>div,\r\n.regiondo-product-short-description>ul,\r\n.regiondo-collapsible-content-closed,\r\n.regiondo-collapsible-content-open,\r\n.regiondo-product-description-body,\r\n.regiondo-product-details,\r\n.regiondo-product-header,\r\n.regiondo-booking-header,\r\n.regiondo-collapsible-header svg {\r\n    color: white;}\r\n@media (max-width : 768px) .regiondo-catalog-list {\r\n    width: 100%;\r\n    max-width: none;}\r\n    \r\n    .regiondo-widget .DayPicker-NavButton--next {\r\n        background-color: white !important;\r\n        background-size: 26px;\r\n        border-radius: 20px;\r\n        width: 26px;\r\n        height: 26px;\r\n    }\r\n    \r\n.regiondo-widget .DayPicker-NavButton--prev{\r\n        background-color: white !important;\r\n        background-size: 26px;\r\n        border-radius: 20px;\r\n        width: 26px;\r\n        height: 26px;\r\n}\r\n<\/style><\/template><product-details-widget styles-template-id=\"product-catalog-widget-styles\" widget-id=\"6b04d62b-9618-4ccd-a9ee-de0741f6a9d9\"><\/product-details-widget><script type=\"text\/javascript\" src=https:\/\/widgets.regiondo.net\/product\/v1\/product-widget.min.js><\/script>\r\n<style>\r\n.react-tooltip-lite, .react-tooltip-lite-arrow.react-tooltip-lite-up-arrow{z-index: 2147483647!important;}\r\n.regiondo-checkout-payment .CardNumberField-input-wrapper .InputElement {\r\n    color: white !important;\r\n}\r\n<\/style>\t\t\t\t<\/div>\n\t\t\t\t<\/div>\n\t\t\t\t\t<\/div>\n\t\t<\/div>\n\t\t\t\t\t<\/div>\n\t\t<\/section>\n\t\t\t\t<section class=\"has_eae_slider elementor-section elementor-top-section elementor-element elementor-element-e28ca21 elementor-section-boxed elementor-section-height-default elementor-section-height-default\" data-eae-slider=\"16084\" data-id=\"e28ca21\" data-element_type=\"section\" data-e-type=\"section\" data-settings=\"{&quot;jet_parallax_layout_list&quot;:[],&quot;background_background&quot;:&quot;classic&quot;}\">\n\t\t\t\t\t\t<div class=\"elementor-container elementor-column-gap-default\">\n\t\t\t\t\t<div class=\"has_eae_slider elementor-column elementor-col-100 elementor-top-column elementor-element elementor-element-bfc73bf\" data-eae-slider=\"39969\" data-id=\"bfc73bf\" data-element_type=\"column\" data-e-type=\"column\">\n\t\t\t<div class=\"elementor-widget-wrap elementor-element-populated\">\n\t\t\t\t\t\t<div class=\"elementor-element elementor-element-5cd6860 elementor-widget elementor-widget-image\" data-id=\"5cd6860\" data-element_type=\"widget\" data-e-type=\"widget\" data-widget_type=\"image.default\">\n\t\t\t\t<div class=\"elementor-widget-container\">\n\t\t\t\t\t\t\t\t\t\t\t\t\t\t\t\t<a href=\"https:\/\/valleypass.ch\/\" target=\"_blank\">\n\t\t\t\t\t\t\t<img fetchpriority=\"high\" decoding=\"async\" width=\"1600\" height=\"900\" src=\"https:\/\/lac-souterrain.com\/wp-content\/uploads\/2025\/07\/Valleypass-1.jpeg\" class=\"attachment-full size-full wp-image-4046\" alt=\"\" srcset=\"https:\/\/lac-souterrain.com\/wp-content\/uploads\/2025\/07\/Valleypass-1.jpeg 1600w, https:\/\/lac-souterrain.com\/wp-content\/uploads\/2025\/07\/Valleypass-1-300x169.jpeg 300w, https:\/\/lac-souterrain.com\/wp-content\/uploads\/2025\/07\/Valleypass-1-1024x576.jpeg 1024w, https:\/\/lac-souterrain.com\/wp-content\/uploads\/2025\/07\/Valleypass-1-768x432.jpeg 768w, https:\/\/lac-souterrain.com\/wp-content\/uploads\/2025\/07\/Valleypass-1-1536x864.jpeg 1536w\" sizes=\"(max-width: 1600px) 100vw, 1600px\" \/>\t\t\t\t\t\t\t\t<\/a>\n\t\t\t\t\t\t\t\t\t\t\t\t\t\t\t<\/div>\n\t\t\t\t<\/div>\n\t\t\t\t\t<\/div>\n\t\t<\/div>\n\t\t\t\t\t<\/div>\n\t\t<\/section>\n\t\t\t\t<\/div>\n\t\t","protected":false},"excerpt":{"rendered":"<p>Individueller Besuch Alle Besuche finden unter Begleitung statt und werden auf Franz\u00f6sisch, Deutsch und Englisch angeboten. Die F\u00fchrung dauert 30 Minuten. Mit der Registrierung und dem Besuch des didaktischen Bereichs sollten Sie etwa 1 Stunde vor Ort einplanen. Um den Zugang zu gew\u00e4hrleisten, wird allen Besuchern eine Reservierung dringend empfohlen. Sie k\u00f6nnen f\u00fcr ein zuk\u00fcnftiges [&hellip;]<\/p>\n","protected":false},"author":1,"featured_media":3768,"parent":0,"menu_order":0,"comment_status":"closed","ping_status":"closed","template":"","meta":{"_acf_changed":false,"footnotes":""},"class_list":["post-1157","page","type-page","status-publish","has-post-thumbnail","hentry"],"acf":[],"_links":{"self":[{"href":"https:\/\/lac-souterrain.com\/de\/wp-json\/wp\/v2\/pages\/1157","targetHints":{"allow":["GET"]}}],"collection":[{"href":"https:\/\/lac-souterrain.com\/de\/wp-json\/wp\/v2\/pages"}],"about":[{"href":"https:\/\/lac-souterrain.com\/de\/wp-json\/wp\/v2\/types\/page"}],"author":[{"embeddable":true,"href":"https:\/\/lac-souterrain.com\/de\/wp-json\/wp\/v2\/users\/1"}],"replies":[{"embeddable":true,"href":"https:\/\/lac-souterrain.com\/de\/wp-json\/wp\/v2\/comments?post=1157"}],"version-history":[{"count":58,"href":"https:\/\/lac-souterrain.com\/de\/wp-json\/wp\/v2\/pages\/1157\/revisions"}],"predecessor-version":[{"id":4891,"href":"https:\/\/lac-souterrain.com\/de\/wp-json\/wp\/v2\/pages\/1157\/revisions\/4891"}],"wp:featuredmedia":[{"embeddable":true,"href":"https:\/\/lac-souterrain.com\/de\/wp-json\/wp\/v2\/media\/3768"}],"wp:attachment":[{"href":"https:\/\/lac-souterrain.com\/de\/wp-json\/wp\/v2\/media?parent=1157"}],"curies":[{"name":"wp","href":"https:\/\/api.w.org\/{rel}","templated":true}]}}